{"id":182,"date":"2023-03-31T17:43:32","date_gmt":"2023-03-31T15:43:32","guid":{"rendered":"https:\/\/francois-brandao.fr\/?page_id=182"},"modified":"2025-08-30T12:04:00","modified_gmt":"2025-08-30T10:04:00","slug":"accueil","status":"publish","type":"page","link":"https:\/\/francois-brandao.fr\/","title":{"rendered":"Accueil"},"content":{"rendered":"\t\t<div data-elementor-type=\"wp-page\" data-elementor-id=\"182\" class=\"elementor elementor-182\" data-elementor-post-type=\"page\">\n\t\t\t\t<div class=\"elementor-element elementor-element-bc3e4f7 e-flex e-con-boxed e-con e-parent\" data-id=\"bc3e4f7\" data-element_type=\"container\">\n\t\t\t\t\t<div class=\"e-con-inner\">\n\t\t<div class=\"elementor-element elementor-element-51efe0c e-con-full e-flex e-con e-child\" data-id=\"51efe0c\" data-element_type=\"container\">\n\t\t\t\t<div class=\"elementor-element elementor-element-22b0ec5 elementor-widget elementor-widget-video\" data-id=\"22b0ec5\" data-element_type=\"widget\" data-settings=\"{&quot;video_type&quot;:&quot;hosted&quot;,&quot;autoplay&quot;:&quot;yes&quot;,&quot;play_on_mobile&quot;:&quot;yes&quot;,&quot;mute&quot;:&quot;yes&quot;,&quot;loop&quot;:&quot;yes&quot;}\" data-widget_type=\"video.default\">\n\t\t\t\t<div class=\"elementor-widget-container\">\n\t\t\t\t\t\t\t<div class=\"e-hosted-video elementor-wrapper elementor-open-inline\">\n\t\t\t\t\t<video class=\"elementor-video\" src=\"https:\/\/francois-brandao.fr\/wp-content\/uploads\/2023\/04\/Animation-de-logo-plastique_720p.mp4\" autoplay=\"\" loop=\"\" muted=\"muted\" playsinline=\"\" controlsList=\"nodownload\"><\/video>\n\t\t\t\t<\/div>\n\t\t\t\t\t\t<\/div>\n\t\t\t\t<\/div>\n\t\t\t\t<div class=\"elementor-element elementor-element-ec453ba elementor-widget elementor-widget-heading\" data-id=\"ec453ba\" data-element_type=\"widget\" data-widget_type=\"heading.default\">\n\t\t\t\t<div class=\"elementor-widget-container\">\n\t\t\t\t\t<h2 class=\"elementor-heading-title elementor-size-default\">SYNTH\u00c8SE PROFESSIONNELLE<\/h2>\t\t\t\t<\/div>\n\t\t\t\t<\/div>\n\t\t\t\t<div class=\"elementor-element elementor-element-01fe2e8 elementor-invisible elementor-widget elementor-widget-text-editor\" data-id=\"01fe2e8\" data-element_type=\"widget\" data-settings=\"{&quot;_animation&quot;:&quot;fadeIn&quot;}\" data-widget_type=\"text-editor.default\">\n\t\t\t\t<div class=\"elementor-widget-container\">\n\t\t\t\t\t\t\t\t\t<p>Professionnel exp\u00e9riment\u00e9 en logistique et marketing, avec 18 ans d&rsquo;exp\u00e9rience dans des entreprises de premier plan. Comp\u00e9tences av\u00e9r\u00e9es en gestion de la cha\u00eene d&rsquo;approvisionnement, marketing op\u00e9rationnel, conseil et d\u00e9veloppement num\u00e9rique.<\/p>\t\t\t\t\t\t\t\t<\/div>\n\t\t\t\t<\/div>\n\t\t\t\t<div class=\"elementor-element elementor-element-1258fd6 elementor-widget-divider--view-line elementor-widget elementor-widget-divider\" data-id=\"1258fd6\" data-element_type=\"widget\" data-widget_type=\"divider.default\">\n\t\t\t\t<div class=\"elementor-widget-container\">\n\t\t\t\t\t\t\t<div class=\"elementor-divider\">\n\t\t\t<span class=\"elementor-divider-separator\">\n\t\t\t\t\t\t<\/span>\n\t\t<\/div>\n\t\t\t\t\t\t<\/div>\n\t\t\t\t<\/div>\n\t\t\t\t<div class=\"elementor-element elementor-element-9a83c54 elementor-widget elementor-widget-heading\" data-id=\"9a83c54\" data-element_type=\"widget\" data-widget_type=\"heading.default\">\n\t\t\t\t<div class=\"elementor-widget-container\">\n\t\t\t\t\t<h2 class=\"elementor-heading-title elementor-size-default\">PARCOURS PROFESSIONNEL<\/h2>\t\t\t\t<\/div>\n\t\t\t\t<\/div>\n\t\t\t\t<div class=\"elementor-element elementor-element-5e521ae elementor-widget elementor-widget-spacer\" data-id=\"5e521ae\" data-element_type=\"widget\" data-widget_type=\"spacer.default\">\n\t\t\t\t<div class=\"elementor-widget-container\">\n\t\t\t\t\t\t\t<div class=\"elementor-spacer\">\n\t\t\t<div class=\"elementor-spacer-inner\"><\/div>\n\t\t<\/div>\n\t\t\t\t\t\t<\/div>\n\t\t\t\t<\/div>\n\t\t\t\t<div class=\"elementor-element elementor-element-78b7946 elementor-widget elementor-widget-heading\" data-id=\"78b7946\" data-element_type=\"widget\" data-widget_type=\"heading.default\">\n\t\t\t\t<div class=\"elementor-widget-container\">\n\t\t\t\t\t<h3 class=\"elementor-heading-title elementor-size-default\">Coordinateur Projets DSI<\/h3>\t\t\t\t<\/div>\n\t\t\t\t<\/div>\n\t\t\t\t<div class=\"elementor-element elementor-element-2acdcc3 elementor-invisible elementor-widget elementor-widget-text-editor\" data-id=\"2acdcc3\" data-element_type=\"widget\" data-settings=\"{&quot;_animation&quot;:&quot;fadeIn&quot;}\" data-widget_type=\"text-editor.default\">\n\t\t\t\t<div class=\"elementor-widget-container\">\n\t\t\t\t\t\t\t\t\t<p>Octobre 2024 \u00e0 aujourd&rsquo;hui<br data-start=\"157\" data-end=\"160\" \/><em data-start=\"160\" data-end=\"245\"><strong>Arche MC2<\/strong> \u2013 Site de Pl\u00e9rin (responsable de la solution SOLIS pour les D\u00e9partements)<\/em><\/p><p class=\"\" data-start=\"190\" data-end=\"696\">En tant que Coordinateur Projets DSI, rattach\u00e9e \u00e0 la direction du site, je pilote une \u00e9quipe de 6 techniciens en charge des infrastructures internes (environnements de d\u00e9veloppement, recette et production) et des infrastructures clients. Je coordonne les projets techniques en lien avec les 3 Business Units du site (Enfance, Personnes \u00c2g\u00e9es et Handicap\u00e9es, BU IT), en assurant la gestion des priorit\u00e9s, la planification des demandes et l\u2019animation des comit\u00e9s de suivi (COSUI) et comit\u00e9s projets (COPROJ).<\/p><p class=\"\" data-start=\"698\" data-end=\"1049\">Je supervise \u00e9galement les prestations clients (installation, mise \u00e0 jour, migration des solutions SOLIS), assure la formation et l\u2019accompagnement des utilisateurs, et traite les demandes via Zendesk. Je prends en charge l\u2019\u00e9laboration des devis, la facturation, le suivi budg\u00e9taire, et la mise en place de cellules de crise en cas d\u2019incidents majeurs.<\/p>\t\t\t\t\t\t\t\t<\/div>\n\t\t\t\t<\/div>\n\t\t\t\t<div class=\"elementor-element elementor-element-a207e12 elementor-widget elementor-widget-heading\" data-id=\"a207e12\" data-element_type=\"widget\" data-widget_type=\"heading.default\">\n\t\t\t\t<div class=\"elementor-widget-container\">\n\t\t\t\t\t<h3 class=\"elementor-heading-title elementor-size-default\">Responsable Suivi Clients<\/h3>\t\t\t\t<\/div>\n\t\t\t\t<\/div>\n\t\t\t\t<div class=\"elementor-element elementor-element-7dd6d44 elementor-invisible elementor-widget elementor-widget-text-editor\" data-id=\"7dd6d44\" data-element_type=\"widget\" data-settings=\"{&quot;_animation&quot;:&quot;fadeIn&quot;}\" data-widget_type=\"text-editor.default\">\n\t\t\t\t<div class=\"elementor-widget-container\">\n\t\t\t\t\t\t\t\t\t<p>Septembre 2023 \u00e0 Octobre 2024<br \/><em><strong>Lisi Aerospace\u00a0<\/strong><\/em>&#8211; Pl\u00e9rin<\/p><p>En tant que Responsable Suivi Clients chez Lisi Aerospace, j&rsquo;ai assum\u00e9 le r\u00f4le strat\u00e9gique d&rsquo;interlocuteur privil\u00e9gi\u00e9 entre les services internes (commercial, pr\u00e9paration, Op\u00e9rations Qualit\u00e9) et les clients de Blanc Aero Technologies. Mes missions cl\u00e9s incluaient la gestion des commandes contractualis\u00e9es et EDI (SAFRAN, PATTONAIR), l&rsquo;analyse des plans d&rsquo;approvisionnement, la r\u00e9solution des litiges clients, la communication avec le service commercial, et la mise en place d&rsquo;outils op\u00e9rationnels et d&rsquo;indicateurs de performance.<\/p>\t\t\t\t\t\t\t\t<\/div>\n\t\t\t\t<\/div>\n\t\t\t\t<div class=\"elementor-element elementor-element-c72e040 elementor-widget elementor-widget-heading\" data-id=\"c72e040\" data-element_type=\"widget\" data-widget_type=\"heading.default\">\n\t\t\t\t<div class=\"elementor-widget-container\">\n\t\t\t\t\t<h3 class=\"elementor-heading-title elementor-size-default\">R\u00e9f\u00e9rent Qualit\u00e9 Web<\/h3>\t\t\t\t<\/div>\n\t\t\t\t<\/div>\n\t\t\t\t<div class=\"elementor-element elementor-element-8eb8698 elementor-invisible elementor-widget elementor-widget-text-editor\" data-id=\"8eb8698\" data-element_type=\"widget\" data-settings=\"{&quot;_animation&quot;:&quot;fadeIn&quot;}\" data-widget_type=\"text-editor.default\">\n\t\t\t\t<div class=\"elementor-widget-container\">\n\t\t\t\t\t\t\t\t\t<p>Mars \u00e0 Septembre 2023<br \/><em><strong>Regicom\u00a0<\/strong><\/em>&#8211; Pl\u00e9rin<\/p><p>En tant que R\u00e9f\u00e9rent Qualit\u00e9 Web chez Regicom, j&rsquo;ai jou\u00e9 un r\u00f4le central dans la garantie de l&rsquo;ex\u00e9cution optimale des offres de cr\u00e9ation de sites internet. Mon travail comprenait le reporting \u00e0 la Direction, la gestion du portefeuille clients, la veille sur les r\u00e9alisations de site, et le d\u00e9veloppement de plans d&rsquo;action pour l&rsquo;am\u00e9lioration continue.<\/p>\t\t\t\t\t\t\t\t<\/div>\n\t\t\t\t<\/div>\n\t\t\t\t<div class=\"elementor-element elementor-element-38baf13 elementor-widget elementor-widget-heading\" data-id=\"38baf13\" data-element_type=\"widget\" data-widget_type=\"heading.default\">\n\t\t\t\t<div class=\"elementor-widget-container\">\n\t\t\t\t\t<h3 class=\"elementor-heading-title elementor-size-default\">D\u00e9veloppeur Web \/ Conseiller en d\u00e9veloppement num\u00e9rique<\/h3>\t\t\t\t<\/div>\n\t\t\t\t<\/div>\n\t\t\t\t<div class=\"elementor-element elementor-element-248cb8b elementor-invisible elementor-widget elementor-widget-text-editor\" data-id=\"248cb8b\" data-element_type=\"widget\" data-settings=\"{&quot;_animation&quot;:&quot;fadeIn&quot;}\" data-widget_type=\"text-editor.default\">\n\t\t\t\t<div class=\"elementor-widget-container\">\n\t\t\t\t\t\t\t\t\t<p>Aout 2020 \u00e0 mars 2023<br \/><em><strong>AtlanticWeb <\/strong><\/em>&#8211; Sud-Ouest<\/p><p>En tant que D\u00e9veloppeur Web, j&rsquo;ai\u00a0 commercialis\u00e9 et r\u00e9alis\u00e9 des sites web (WordPress), tout en offrant des services d&rsquo;audit, de conseil en marketing et en communication digitale. J&rsquo;ai \u00e9galement dispens\u00e9 des formations aux clients pour optimiser l&rsquo;utilisation des outils livr\u00e9s.<\/p>\t\t\t\t\t\t\t\t<\/div>\n\t\t\t\t<\/div>\n\t\t\t\t<div class=\"elementor-element elementor-element-cceaca7 elementor-widget elementor-widget-heading\" data-id=\"cceaca7\" data-element_type=\"widget\" data-widget_type=\"heading.default\">\n\t\t\t\t<div class=\"elementor-widget-container\">\n\t\t\t\t\t<h2 class=\"elementor-heading-title elementor-size-default\">D\u00e9l\u00e9gu\u00e9 commercial secteur sud-ouest<\/h2>\t\t\t\t<\/div>\n\t\t\t\t<\/div>\n\t\t\t\t<div class=\"elementor-element elementor-element-3604036 elementor-invisible elementor-widget elementor-widget-text-editor\" data-id=\"3604036\" data-element_type=\"widget\" data-settings=\"{&quot;_animation&quot;:&quot;fadeIn&quot;}\" data-widget_type=\"text-editor.default\">\n\t\t\t\t<div class=\"elementor-widget-container\">\n\t\t\t\t\t\t\t\t\t<p>Septembre 2011 \u00e0 juin 2019<br \/><em><strong>Presstalis<\/strong><\/em> &#8211; Sud-Ouest<\/p><p>En tant que D\u00e9l\u00e9gu\u00e9 commercial chez Presstalis, j&rsquo;ai assur\u00e9 des missions d&rsquo;audit et de conseil en marketing, de reporting aux diffuseurs de presse, de r\u00e9alisation de plans merchandising, et d&rsquo;animation du r\u00e9seau, contribuant ainsi \u00e0 l&rsquo;augmentation du chiffre d&rsquo;affaires presse.<\/p>\t\t\t\t\t\t\t\t<\/div>\n\t\t\t\t<\/div>\n\t\t\t\t<div class=\"elementor-element elementor-element-fc09953 elementor-widget elementor-widget-heading\" data-id=\"fc09953\" data-element_type=\"widget\" data-widget_type=\"heading.default\">\n\t\t\t\t<div class=\"elementor-widget-container\">\n\t\t\t\t\t<h2 class=\"elementor-heading-title elementor-size-default\">Responsable Compte Import<\/h2>\t\t\t\t<\/div>\n\t\t\t\t<\/div>\n\t\t\t\t<div class=\"elementor-element elementor-element-4f73509 elementor-invisible elementor-widget elementor-widget-text-editor\" data-id=\"4f73509\" data-element_type=\"widget\" data-settings=\"{&quot;_animation&quot;:&quot;fadeIn&quot;}\" data-widget_type=\"text-editor.default\">\n\t\t\t\t<div class=\"elementor-widget-container\">\n\t\t\t\t\t\t\t\t\t<p>Mai 2009 \u00e0 septembre 2011<br \/><em><strong>Presstalis<\/strong><\/em> &#8211; Paris, 75<br \/><strong>Gestion d&rsquo;un portefeuille de magasines pour le compte d&rsquo;\u00e9diteurs \u00e9trangers (env. 10 millions \u20ac CA \/ ans).<\/strong><\/p><p>En tant que Responsable Compte Import, j&rsquo;ai g\u00e9r\u00e9 avec succ\u00e8s un portefeuille de magazines pour des \u00e9diteurs \u00e9trangers, impliquant la coordination logistique, la gestion des distributions, et le conseil strat\u00e9gique aux \u00e9diteurs pour optimiser leurs r\u00e9sultats.<\/p>\t\t\t\t\t\t\t\t<\/div>\n\t\t\t\t<\/div>\n\t\t\t\t<div class=\"elementor-element elementor-element-26be4ec elementor-widget elementor-widget-heading\" data-id=\"26be4ec\" data-element_type=\"widget\" data-widget_type=\"heading.default\">\n\t\t\t\t<div class=\"elementor-widget-container\">\n\t\t\t\t\t<h2 class=\"elementor-heading-title elementor-size-default\">Gestionnaire Ordonnancement<\/h2>\t\t\t\t<\/div>\n\t\t\t\t<\/div>\n\t\t\t\t<div class=\"elementor-element elementor-element-44e9f1c elementor-invisible elementor-widget elementor-widget-text-editor\" data-id=\"44e9f1c\" data-element_type=\"widget\" data-settings=\"{&quot;_animation&quot;:&quot;fadeIn&quot;}\" data-widget_type=\"text-editor.default\">\n\t\t\t\t<div class=\"elementor-widget-container\">\n\t\t\t\t\t\t\t\t\t<p>Janvier 2007 \u00e0 Mai 2009<\/p><p><em><strong>Presstalis<\/strong><\/em> &#8211; Paris, 75<\/p><p>J&rsquo;ai exerc\u00e9 les fonctions de gestionnaire d&rsquo;ordonnancement chez Presstalis, o\u00f9 j&rsquo;ai pilot\u00e9 un centre de traitement s\u00e9curis\u00e9, r\u00e9gul\u00e9 et planifi\u00e9 les flux logistiques, et assur\u00e9 des pr\u00e9visions de charges.<\/p>\t\t\t\t\t\t\t\t<\/div>\n\t\t\t\t<\/div>\n\t\t\t\t<div class=\"elementor-element elementor-element-f4cb5e5 elementor-widget elementor-widget-heading\" data-id=\"f4cb5e5\" data-element_type=\"widget\" data-widget_type=\"heading.default\">\n\t\t\t\t<div class=\"elementor-widget-container\">\n\t\t\t\t\t<h2 class=\"elementor-heading-title elementor-size-default\">Coordianateur \/ Planificateur logistique<\/h2>\t\t\t\t<\/div>\n\t\t\t\t<\/div>\n\t\t\t\t<div class=\"elementor-element elementor-element-7432b00 elementor-invisible elementor-widget elementor-widget-text-editor\" data-id=\"7432b00\" data-element_type=\"widget\" data-settings=\"{&quot;_animation&quot;:&quot;fadeIn&quot;}\" data-widget_type=\"text-editor.default\">\n\t\t\t\t<div class=\"elementor-widget-container\">\n\t\t\t\t\t\t\t\t\t<p>Avril 2003 \u00e0 janvier 2007<\/p><p><em><strong>FM Logistic<\/strong> <\/em>\u2013 Fontenay Tressigny, 77. Pour le compte du client <strong>Unilever Bestfoods<\/strong><strong>\u00a0<\/strong><\/p><p>En tant que Coordonnateur\/Planificateur logistique chez FM Logistic, j&rsquo;ai planifi\u00e9 et coordonn\u00e9 les flux logistiques, ordonnanc\u00e9 et suivi l&rsquo;activit\u00e9 logistique en temps r\u00e9el, g\u00e9r\u00e9 les flux d&rsquo;information et les affr\u00e8tements, tout en maintenant des tableaux d&rsquo;indicateurs de performance qualit\u00e9.<\/p>\t\t\t\t\t\t\t\t<\/div>\n\t\t\t\t<\/div>\n\t\t\t\t<div class=\"elementor-element elementor-element-cd167c8 elementor-widget-divider--view-line elementor-widget elementor-widget-divider\" data-id=\"cd167c8\" data-element_type=\"widget\" data-widget_type=\"divider.default\">\n\t\t\t\t<div class=\"elementor-widget-container\">\n\t\t\t\t\t\t\t<div class=\"elementor-divider\">\n\t\t\t<span class=\"elementor-divider-separator\">\n\t\t\t\t\t\t<\/span>\n\t\t<\/div>\n\t\t\t\t\t\t<\/div>\n\t\t\t\t<\/div>\n\t\t\t\t<div class=\"elementor-element elementor-element-2d3c4a0 elementor-widget elementor-widget-heading\" data-id=\"2d3c4a0\" data-element_type=\"widget\" data-widget_type=\"heading.default\">\n\t\t\t\t<div class=\"elementor-widget-container\">\n\t\t\t\t\t<h2 class=\"elementor-heading-title elementor-size-default\">Formation<\/h2>\t\t\t\t<\/div>\n\t\t\t\t<\/div>\n\t\t\t\t<div class=\"elementor-element elementor-element-658b513 elementor-invisible elementor-widget elementor-widget-text-editor\" data-id=\"658b513\" data-element_type=\"widget\" data-settings=\"{&quot;_animation&quot;:&quot;fadeIn&quot;}\" data-widget_type=\"text-editor.default\">\n\t\t\t\t<div class=\"elementor-widget-container\">\n\t\t\t\t\t\t\t\t\t<p><em><strong>DIGITAL CAMPUS &#8211; ESG Bordeaux (2020)<\/strong><\/em><\/p><p>D\u00e9veloppeur web\/web mobile<\/p><p><em><strong>KEDGE BUSINESS SCHOOL<\/strong><\/em><\/p><p>ISLI (Global Supply Chain Management)<\/p><p><em><strong>C.C.I de l\u2019Essonnes Evry<\/strong><\/em><\/p><p>BTS Assistant de gestion PME\/PMI<\/p>\t\t\t\t\t\t\t\t<\/div>\n\t\t\t\t<\/div>\n\t\t\t\t<\/div>\n\t\t<div class=\"elementor-element elementor-element-36230fb e-con-full e-flex elementor-invisible e-con e-child\" data-id=\"36230fb\" data-element_type=\"container\" data-settings=\"{&quot;background_background&quot;:&quot;classic&quot;,&quot;animation&quot;:&quot;fadeInRight&quot;}\">\n\t\t\t\t<div class=\"elementor-element elementor-element-ce97719 elementor-widget elementor-widget-image\" data-id=\"ce97719\" data-element_type=\"widget\" data-widget_type=\"image.default\">\n\t\t\t\t<div class=\"elementor-widget-container\">\n\t\t\t\t\t\t\t\t\t\t\t\t\t\t\t<img fetchpriority=\"high\" decoding=\"async\" width=\"800\" height=\"800\" src=\"https:\/\/francois-brandao.fr\/wp-content\/uploads\/2023\/04\/photoFrancoisBrandao-1024x1024.jpg\" class=\"attachment-large size-large wp-image-274\" alt=\"Cv-Fran\u00e7ois Brandao\" srcset=\"https:\/\/francois-brandao.fr\/wp-content\/uploads\/2023\/04\/photoFrancoisBrandao-1024x1024.jpg 1024w, https:\/\/francois-brandao.fr\/wp-content\/uploads\/2023\/04\/photoFrancoisBrandao-300x300.jpg 300w, https:\/\/francois-brandao.fr\/wp-content\/uploads\/2023\/04\/photoFrancoisBrandao-150x150.jpg 150w, https:\/\/francois-brandao.fr\/wp-content\/uploads\/2023\/04\/photoFrancoisBrandao-768x768.jpg 768w, https:\/\/francois-brandao.fr\/wp-content\/uploads\/2023\/04\/photoFrancoisBrandao.jpg 1440w\" sizes=\"(max-width: 800px) 100vw, 800px\" \/>\t\t\t\t\t\t\t\t\t\t\t\t\t\t\t<\/div>\n\t\t\t\t<\/div>\n\t\t\t\t<div class=\"elementor-element elementor-element-e18356b elementor-widget elementor-widget-heading\" data-id=\"e18356b\" data-element_type=\"widget\" data-widget_type=\"heading.default\">\n\t\t\t\t<div class=\"elementor-widget-container\">\n\t\t\t\t\t<h2 class=\"elementor-heading-title elementor-size-default\">TECHNOLOGIES<\/h2>\t\t\t\t<\/div>\n\t\t\t\t<\/div>\n\t\t\t\t<div class=\"elementor-element elementor-element-dca6ea5 elementor-widget elementor-widget-text-editor\" data-id=\"dca6ea5\" data-element_type=\"widget\" data-widget_type=\"text-editor.default\">\n\t\t\t\t<div class=\"elementor-widget-container\">\n\t\t\t\t\t\t\t\t\t<ul><li>WORDPRESS<\/li><li>\u00a0HTML 5 \/ CSS 3 \/ JS<\/li><li>Pack Office<\/li><li>Business Object<\/li><li>Salesforce<\/li><\/ul><p>\u00a0<\/p>\t\t\t\t\t\t\t\t<\/div>\n\t\t\t\t<\/div>\n\t\t\t\t<div class=\"elementor-element elementor-element-85095d1 elementor-widget elementor-widget-heading\" data-id=\"85095d1\" data-element_type=\"widget\" data-widget_type=\"heading.default\">\n\t\t\t\t<div class=\"elementor-widget-container\">\n\t\t\t\t\t<h2 class=\"elementor-heading-title elementor-size-default\">COMP\u00c9TENCES<\/h2>\t\t\t\t<\/div>\n\t\t\t\t<\/div>\n\t\t\t\t<div class=\"elementor-element elementor-element-5bfd486 elementor-widget elementor-widget-text-editor\" data-id=\"5bfd486\" data-element_type=\"widget\" data-widget_type=\"text-editor.default\">\n\t\t\t\t<div class=\"elementor-widget-container\">\n\t\t\t\t\t\t\t\t\t<ul><li>Cr\u00e9ation de sites Web<\/li><li>Strat\u00e9gie de marketing<\/li><li>Maitrise de la n\u00e9gociation<\/li><li>Maitrise du pilotage d&rsquo;une <br \/>activit\u00e9 commerciale<\/li><li>Maitrise de la relation client<\/li><li>Maitrise de la planification de <br \/>flux logistiques<\/li><li>Maitrise de l\u2019ordonnancement <br \/>d&rsquo;une activit\u00e9 logistique<\/li><li>Aisance dans la communication<\/li><li>Leadership<\/li><li>Esprit d&rsquo;initiative<\/li><li>Forte adaptabilit\u00e9<\/li><li>Grande autonomie<\/li><li>Sang-froid et gestion de conflits<\/li><li>F\u00e9d\u00e9rateur<\/li><\/ul>\t\t\t\t\t\t\t\t<\/div>\n\t\t\t\t<\/div>\n\t\t\t\t<div class=\"elementor-element elementor-element-75fa4f8 elementor-widget elementor-widget-heading\" data-id=\"75fa4f8\" data-element_type=\"widget\" data-widget_type=\"heading.default\">\n\t\t\t\t<div class=\"elementor-widget-container\">\n\t\t\t\t\t<h2 class=\"elementor-heading-title elementor-size-default\">LANGUES<\/h2>\t\t\t\t<\/div>\n\t\t\t\t<\/div>\n\t\t\t\t<div class=\"elementor-element elementor-element-223ce19 elementor-widget elementor-widget-text-editor\" data-id=\"223ce19\" data-element_type=\"widget\" data-widget_type=\"text-editor.default\">\n\t\t\t\t<div class=\"elementor-widget-container\">\n\t\t\t\t\t\t\t\t\t<p>Pratique quotidienne des langues en tant <br \/>que responsable compte import dans la <br \/>presse<\/p><ul><li>Anglais : Courant<\/li><li>Espagnol : Courant<\/li><li>Portugais : Bilingue<\/li><\/ul>\t\t\t\t\t\t\t\t<\/div>\n\t\t\t\t<\/div>\n\t\t\t\t<div class=\"elementor-element elementor-element-0200fab elementor-widget elementor-widget-heading\" data-id=\"0200fab\" data-element_type=\"widget\" data-widget_type=\"heading.default\">\n\t\t\t\t<div class=\"elementor-widget-container\">\n\t\t\t\t\t<h2 class=\"elementor-heading-title elementor-size-default\">SPORT<\/h2>\t\t\t\t<\/div>\n\t\t\t\t<\/div>\n\t\t\t\t<div class=\"elementor-element elementor-element-47aa073 elementor-widget elementor-widget-text-editor\" data-id=\"47aa073\" data-element_type=\"widget\" data-widget_type=\"text-editor.default\">\n\t\t\t\t<div class=\"elementor-widget-container\">\n\t\t\t\t\t\t\t\t\t<ul><li><a href=\"https:\/\/novaonda-jiujitsu.fr\/francois-brandao-jiu-jitsu-bresilien\/\" target=\"_blank\" rel=\"noopener\">Professeur de Jiu-Jitsu Br\u00e9silien<\/a>\u00a0depuis 2005 (dipl\u00f4m\u00e9)<\/li><li>Encadrement d&rsquo;une \u00e9quipe de<br \/>comp\u00e9titeurs internationaux<\/li><li>Cr\u00e9ation et gestion d&rsquo;une<br \/>association<\/li><li>Arbitre dipl\u00f4m\u00e9<\/li><li>Organisation de s\u00e9jours sportifs<\/li><\/ul>\t\t\t\t\t\t\t\t<\/div>\n\t\t\t\t<\/div>\n\t\t\t\t<\/div>\n\t\t\t\t\t<\/div>\n\t\t\t\t<\/div>\n\t\t\t\t<\/div>\n\t\t","protected":false},"excerpt":{"rendered":"<p>https:\/\/francois-brandao.fr\/wp-content\/uploads\/2023\/04\/Animation-de-logo-plastique_720p.mp4 SYNTH\u00c8SE PROFESSIONNELLE Professionnel exp\u00e9riment\u00e9 en logistique et marketing, avec 18 ans d&rsquo;exp\u00e9rience dans des entreprises de premier plan. Comp\u00e9tences av\u00e9r\u00e9es en gestion de la cha\u00eene d&rsquo;approvisionnement, marketing op\u00e9rationnel, conseil et d\u00e9veloppement num\u00e9rique. PARCOURS PROFESSIONNEL Coordinateur Projets DSI Octobre 2024 \u00e0 aujourd&rsquo;huiArche MC2 \u2013 Site de Pl\u00e9rin (responsable de la solution SOLIS pour les D\u00e9partements) [&hellip;]<\/p>\n","protected":false},"author":1,"featured_media":0,"parent":0,"menu_order":0,"comment_status":"closed","ping_status":"closed","template":"","meta":{"footnotes":""},"class_list":["post-182","page","type-page","status-publish","hentry"],"_links":{"self":[{"href":"https:\/\/francois-brandao.fr\/index.php\/wp-json\/wp\/v2\/pages\/182","targetHints":{"allow":["GET"]}}],"collection":[{"href":"https:\/\/francois-brandao.fr\/index.php\/wp-json\/wp\/v2\/pages"}],"about":[{"href":"https:\/\/francois-brandao.fr\/index.php\/wp-json\/wp\/v2\/types\/page"}],"author":[{"embeddable":true,"href":"https:\/\/francois-brandao.fr\/index.php\/wp-json\/wp\/v2\/users\/1"}],"replies":[{"embeddable":true,"href":"https:\/\/francois-brandao.fr\/index.php\/wp-json\/wp\/v2\/comments?post=182"}],"version-history":[{"count":139,"href":"https:\/\/francois-brandao.fr\/index.php\/wp-json\/wp\/v2\/pages\/182\/revisions"}],"predecessor-version":[{"id":534,"href":"https:\/\/francois-brandao.fr\/index.php\/wp-json\/wp\/v2\/pages\/182\/revisions\/534"}],"wp:attachment":[{"href":"https:\/\/francois-brandao.fr\/index.php\/wp-json\/wp\/v2\/media?parent=182"}],"curies":[{"name":"wp","href":"https:\/\/api.w.org\/{rel}","templated":true}]}}